{"id":444,"date":"2023-07-12T10:48:27","date_gmt":"2023-07-12T10:48:27","guid":{"rendered":"https:\/\/supersallotja.com\/politica-privacidad\/"},"modified":"2023-08-17T13:59:40","modified_gmt":"2023-08-17T13:59:40","slug":"politica-privacidad","status":"publish","type":"page","link":"https:\/\/supersallotja.com\/en\/politica-privacidad\/","title":{"rendered":"Pol\u00edtica de privacidad"},"content":{"rendered":"<p>[et_pb_section fb_built=&#8221;1&#8243; _builder_version=&#8221;4.16&#8243; custom_padding=&#8221;||32px|||&#8221; global_colors_info=&#8221;{}&#8221; theme_builder_area=&#8221;post_content&#8221;][et_pb_row _builder_version=&#8221;4.16&#8243; background_size=&#8221;initial&#8221; background_position=&#8221;top_left&#8221; background_repeat=&#8221;repeat&#8221; global_colors_info=&#8221;{}&#8221; theme_builder_area=&#8221;post_content&#8221;][et_pb_column type=&#8221;4_4&#8243; _builder_version=&#8221;4.16&#8243; custom_padding=&#8221;|||&#8221; global_colors_info=&#8221;{}&#8221; custom_padding__hover=&#8221;|||&#8221; theme_builder_area=&#8221;post_content&#8221;][et_pb_text _builder_version=&#8221;4.21.2&#8243; header_2_text_color=&#8221;#662C17&#8243; background_size=&#8221;initial&#8221; background_position=&#8221;top_left&#8221; background_repeat=&#8221;repeat&#8221; hover_enabled=&#8221;0&#8243; global_colors_info=&#8221;{}&#8221; theme_builder_area=&#8221;post_content&#8221; sticky_enabled=&#8221;0&#8243;]<\/p>\n<p><!-- divi:heading --><\/p>\n<h2 style=\"text-align: center;\">Aviso Legal<\/h2>\n<p><strong>Quienes Somos<\/strong><br \/>supersallotja.com es propiedad de SUPER SA LLOTJA S.L con CIF B13910534, en adelante La Empresa, garantiza la confidencialidad de los datos de car\u00e1cter personal facilitados por los Usuarios y su tratamiento de acuerdo con el RGPD.<\/p>\n<p>La informaci\u00f3n que aparece en esta p\u00e1gina es la vigente en la fecha de su \u00faltima actualizaci\u00f3n.<\/p>\n<p>La Empresa se reserva el derecho a actualizar, modificar o eliminar la informaci\u00f3n o el contenido de esta p\u00e1gina Web as\u00ed como el presente Aviso Legal. En este sentido, La Empresa realiza los m\u00e1ximos esfuerzos para evitar cualquier error en los contenidos que pudieran aparecer en esta p\u00e1gina.<\/p>\n<p>La Empresa no se responsabiliza del mal uso que se realice de los contenidos de sus p\u00e1ginas Web, siendo exclusiva responsabilidad de la persona que accede a ellos o los utilice. Asimismo, se exonera a la empresa de responsabilidad ante cualquier da\u00f1o o perjuicio que pudiera sufrir el Usuario como consecuencia de errores, defectos u omisiones, en la informaci\u00f3n facilitada por La Empresa.<\/p>\n<p>Queda expresamente prohibido el uso de la Web con fines lesivos de bienes o intereses, as\u00ed como actuaciones que de cualquier forma sobrecarguen, da\u00f1en o inutilicen las redes, servidores y dem\u00e1s equipos inform\u00e1ticos (hardware) o productos y aplicaciones inform\u00e1ticas (software) de La Empresa o de terceros.<\/p>\n<p>Propiedad intelectual e industrial: El Usuario se compromete a utilizar los contenidos de la Web de conformidad con la Ley y el presente Aviso Legal, as\u00ed como con las dem\u00e1s condiciones, reglamentos e instrucciones que en su caso pudieran ser de aplicaci\u00f3n.<\/p>\n<h2 style=\"text-align: center;\">Pol\u00edtica de privacidad<\/h2>\n<p>\u00bfQui\u00e9n es el Responsable del tratamiento de sus datos?<br \/>Empresa: SUPER SA LLOTJA S.L<br \/>Identidad: SUPER SA LLOTJA S.L<br \/>CIF\/NIF: B13910534<br \/>Tel\u00e9fono: <a href=\"tel:+349717276622\">+34 971 727 622<\/a><br \/>Correo: info@supersallotja.com<\/p>\n<p>\u00bfCon qu\u00e9 finalidad tratamos sus datos personales?<br \/>En esta web tratamos la informaci\u00f3n que nos facilitan las personas interesadas con el fin de hacer llegar la informaci\u00f3n solicitada y en caso de haber aceptado recibir nuestro bolet\u00edn de noticias, ofertas y promociones vigentes, ofrecer descuentos en servicios y en general promover un mayor vinculo entre nuestra empresa y nuestros clientes.<\/p>\n<p><strong>\u00bfPor cu\u00e1nto tiempo conservaremos sus datos?<\/strong><br \/>Los datos personales proporcionados se conservar\u00e1n mientras no se solicite su supresi\u00f3n por el interesado durante al menos cuatro a\u00f1os, con el objeto de mantener un hist\u00f3rico de sus consultas, sus transacciones comerciales a efectos de garant\u00edas y ofertas. En algunos casos seg\u00fan legislaci\u00f3n vigente el periodo es ampliable.<\/p>\n<p>\u00bfA qu\u00e9 destinatarios se comunicar\u00e1n sus datos?<br \/><strong>NO cedemos los datos recabados en esta web a terceras empresas. Establecemos un compromiso de lealtad con nuestros clientes a fin de custodiar los datos obtenidos exclusivamente para los fines a los que fueron otorgados.<\/strong><\/p>\n<p>\u00bfCu\u00e1les son sus derechos cuando nos facilita sus datos?<br \/>Cualquier persona tiene derecho a obtener confirmaci\u00f3n sobre si en esta empresa estamos tratando datos personales que les conciernan, o no. Las personas interesadas tienen derecho a acceder a sus datos personales, as\u00ed como a solicitar la rectificaci\u00f3n de los datos inexactos o, en su caso, solicitar su supresi\u00f3n cuando, entre otros motivos, los datos ya no sean necesarios para los fines que fueron recogidos.<\/p>\n<p>En determinadas circunstancias, los interesados podr\u00e1n solicitar la limitaci\u00f3n del tratamiento de sus datos, en cuyo caso \u00fanicamente los conservaremos para el ejercicio o la defensa de reclamaciones. En determinadas circunstancias y por motivos relacionados con su situaci\u00f3n particular, los interesados podr\u00e1n oponerse al tratamiento de sus datos.<\/p>\n<p>La empresa dejar\u00e1 de tratar los datos, salvo por motivos leg\u00edtimos imperiosos, o el ejercicio o la defensa de posibles reclamaciones.<\/p>\n<p>\u00bfC\u00f3mo hemos obtenido sus datos?<br \/>Los datos personales que tratamos en esta empresa son facilitados por emails, o por tel\u00e9fono y\/o tienda y en nuestra web.<\/p>\n<p>Las categor\u00edas de datos que se tratan son:<br \/>Datos de identificaci\u00f3n<br \/>C\u00f3digos o claves de identificaci\u00f3n<br \/>Direcciones postales o electr\u00f3nicas<br \/>Informaci\u00f3n comercial<br \/>En esta Web no se tratan datos especialmente protegidos.<\/p>\n<p>Contenido incrustado de otros sitios web<br \/>Los art\u00edculos de este sitio pueden incluir contenido incrustado (por ejemplo, v\u00eddeos, im\u00e1genes, art\u00edculos, etc.). El contenido incrustado de otras web se comporta exactamente de la misma manera que si el visitante hubiera visitado la otra web. Estas web pueden recopilar datos sobre ti, utilizar cookies, incrustar un seguimiento adicional de terceros, y supervisar tu interacci\u00f3n con ese contenido incrustado, incluido el seguimiento de su interacci\u00f3n con el contenido incrustado si tienes una cuenta y est\u00e1s conectado a esa web.<\/p>\n<p>&nbsp;<\/p>\n<p><!-- \/divi:heading --><\/p>\n<p>[\/et_pb_text][et_pb_button button_text=&#8221;Ver Pol\u00edtica de Cookies&#8221; _builder_version=&#8221;4.21.2&#8243; _module_preset=&#8221;default&#8221; theme_builder_area=&#8221;post_content&#8221; button_alignment=&#8221;center&#8221; button_url=&#8221;@ET-DC@eyJkeW5hbWljIjp0cnVlLCJjb250ZW50IjoicG9zdF9saW5rX3VybF9wYWdlIiwic2V0dGluZ3MiOnsicG9zdF9pZCI6IjQwMSJ9fQ==@&#8221; _dynamic_attributes=&#8221;button_url&#8221; hover_enabled=&#8221;0&#8243; sticky_enabled=&#8221;0&#8243;][\/et_pb_button][\/et_pb_column][\/et_pb_row][\/et_pb_section]<\/p>\n","protected":false},"excerpt":{"rendered":"<p>Aviso Legal Quienes Somossupersallotja.com es propiedad de SUPER SA LLOTJA S.L con CIF B13910534, en adelante La Empresa, garantiza la confidencialidad de los datos de car\u00e1cter personal facilitados por los Usuarios y su tratamiento de acuerdo con el RGPD. La informaci\u00f3n que aparece en esta p\u00e1gina es la vigente en la fecha de su \u00faltima [&hellip;]<\/p>\n","protected":false},"author":1,"featured_media":0,"parent":0,"menu_order":0,"comment_status":"closed","ping_status":"open","template":"","meta":{"_et_pb_use_builder":"on","_et_pb_old_content":"<!-- wp:heading --><h2>Qui\u00e9nes somos<\/h2><!-- \/wp:heading --><!-- wp:paragraph --><p><strong class=\"privacy-policy-tutorial\">Texto sugerido: <\/strong>La direcci\u00f3n de nuestra web es: https:\/\/supersallotja.com.<\/p><!-- \/wp:paragraph --><!-- wp:heading --><h2>Comentarios<\/h2><!-- \/wp:heading --><!-- wp:paragraph --><p><strong class=\"privacy-policy-tutorial\">Texto sugerido: <\/strong>Cuando los visitantes dejan comentarios en la web, recopilamos los datos que se muestran en el formulario de comentarios, as\u00ed como la direcci\u00f3n IP del visitante y la cadena de agentes de usuario del navegador para ayudar a la detecci\u00f3n de spam.<\/p><!-- \/wp:paragraph --><!-- wp:paragraph --><p>Una cadena an\u00f3nima creada a partir de tu direcci\u00f3n de correo electr\u00f3nico (tambi\u00e9n llamada hash) puede ser proporcionada al servicio de Gravatar para ver si la est\u00e1s usando. La pol\u00edtica de privacidad del servicio Gravatar est\u00e1 disponible aqu\u00ed: https:\/\/automattic.com\/privacy\/. Despu\u00e9s de la aprobaci\u00f3n de tu comentario, la imagen de tu perfil es visible para el p\u00fablico en el contexto de tu comentario.<\/p><!-- \/wp:paragraph --><!-- wp:heading --><h2>Medios<\/h2><!-- \/wp:heading --><!-- wp:paragraph --><p><strong class=\"privacy-policy-tutorial\">Texto sugerido: <\/strong>Si subes im\u00e1genes a la web, deber\u00edas evitar subir im\u00e1genes con datos de ubicaci\u00f3n (GPS EXIF) incluidos. Los visitantes de la web pueden descargar y extraer cualquier dato de ubicaci\u00f3n de las im\u00e1genes de la web.<\/p><!-- \/wp:paragraph --><!-- wp:heading --><h2>Cookies<\/h2><!-- \/wp:heading --><!-- wp:paragraph --><p><strong class=\"privacy-policy-tutorial\">Texto sugerido: <\/strong>Si dejas un comentario en nuestro sitio puedes elegir guardar tu nombre, direcci\u00f3n de correo electr\u00f3nico y web en cookies. Esto es para tu comodidad, para que no tengas que volver a rellenar tus datos cuando dejes otro comentario. Estas cookies tendr\u00e1n una duraci\u00f3n de un a\u00f1o.<\/p><!-- \/wp:paragraph --><!-- wp:paragraph --><p>Si tienes una cuenta y te conectas a este sitio, instalaremos una cookie temporal para determinar si tu navegador acepta cookies. Esta cookie no contiene datos personales y se elimina al cerrar el navegador.<\/p><!-- \/wp:paragraph --><!-- wp:paragraph --><p>Cuando accedas, tambi\u00e9n instalaremos varias cookies para guardar tu informaci\u00f3n de acceso y tus opciones de visualizaci\u00f3n de pantalla. Las cookies de acceso duran dos d\u00edas, y las cookies de opciones de pantalla duran un a\u00f1o. Si seleccionas \u00abRecu\u00e9rdarme\u00bb, tu acceso perdurar\u00e1 durante dos semanas. Si sales de tu cuenta, las cookies de acceso se eliminar\u00e1n.<\/p><!-- \/wp:paragraph --><!-- wp:paragraph --><p>Si editas o publicas un art\u00edculo se guardar\u00e1 una cookie adicional en tu navegador. Esta cookie no incluye datos personales y simplemente indica el ID del art\u00edculo que acabas de editar. Caduca despu\u00e9s de 1 d\u00eda.<\/p><!-- \/wp:paragraph --><!-- wp:heading --><h2>Contenido incrustado de otros sitios web<\/h2><!-- \/wp:heading --><!-- wp:paragraph --><p><strong class=\"privacy-policy-tutorial\">Texto sugerido: <\/strong>Los art\u00edculos de este sitio pueden incluir contenido incrustado (por ejemplo, v\u00eddeos, im\u00e1genes, art\u00edculos, etc.). El contenido incrustado de otras webs se comporta exactamente de la misma manera que si el visitante hubiera visitado la otra web.<\/p><!-- \/wp:paragraph --><!-- wp:paragraph --><p>Estas web pueden recopilar datos sobre ti, utilizar cookies, incrustar un seguimiento adicional de terceros, y supervisar tu interacci\u00f3n con ese contenido incrustado, incluido el seguimiento de tu interacci\u00f3n con el contenido incrustado si tienes una cuenta y est\u00e1s conectado a esa web.<\/p><!-- \/wp:paragraph --><!-- wp:heading --><h2>Con qui\u00e9n compartimos tus datos<\/h2><!-- \/wp:heading --><!-- wp:paragraph --><p><strong class=\"privacy-policy-tutorial\">Texto sugerido: <\/strong>Si solicitas un restablecimiento de contrase\u00f1a, tu direcci\u00f3n IP ser\u00e1 incluida en el correo electr\u00f3nico de restablecimiento.<\/p><!-- \/wp:paragraph --><!-- wp:heading --><h2>Cu\u00e1nto tiempo conservamos tus datos<\/h2><!-- \/wp:heading --><!-- wp:paragraph --><p><strong class=\"privacy-policy-tutorial\">Texto sugerido: <\/strong>Si dejas un comentario, el comentario y sus metadatos se conservan indefinidamente. Esto es para que podamos reconocer y aprobar comentarios sucesivos autom\u00e1ticamente, en lugar de mantenerlos en una cola de moderaci\u00f3n.<\/p><!-- \/wp:paragraph --><!-- wp:paragraph --><p>De los usuarios que se registran en nuestra web (si los hay), tambi\u00e9n almacenamos la informaci\u00f3n personal que proporcionan en su perfil de usuario. Todos los usuarios pueden ver, editar o eliminar su informaci\u00f3n personal en cualquier momento (excepto que no pueden cambiar su nombre de usuario). Los administradores de la web tambi\u00e9n pueden ver y editar esa informaci\u00f3n.<\/p><!-- \/wp:paragraph --><!-- wp:heading --><h2>Qu\u00e9 derechos tienes sobre tus datos<\/h2><!-- \/wp:heading --><!-- wp:paragraph --><p><strong class=\"privacy-policy-tutorial\">Texto sugerido: <\/strong>Si tienes una cuenta o has dejado comentarios en esta web, puedes solicitar recibir un archivo de exportaci\u00f3n de los datos personales que tenemos sobre ti, incluyendo cualquier dato que nos hayas proporcionado. Tambi\u00e9n puedes solicitar que eliminemos cualquier dato personal que tengamos sobre ti. Esto no incluye ning\u00fan dato que estemos obligados a conservar con fines administrativos, legales o de seguridad.<\/p><!-- \/wp:paragraph --><!-- wp:heading --><h2>D\u00f3nde enviamos tus datos<\/h2><!-- \/wp:heading --><!-- wp:paragraph --><p><strong class=\"privacy-policy-tutorial\">Texto sugerido: <\/strong>Los comentarios de los visitantes puede que los revise un servicio de detecci\u00f3n autom\u00e1tica de spam.<\/p><!-- \/wp:paragraph -->","_et_gb_content_width":"","_joinchat":[],"footnotes":""},"class_list":["post-444","page","type-page","status-publish","hentry"],"_links":{"self":[{"href":"https:\/\/supersallotja.com\/en\/wp-json\/wp\/v2\/pages\/444","targetHints":{"allow":["GET"]}}],"collection":[{"href":"https:\/\/supersallotja.com\/en\/wp-json\/wp\/v2\/pages"}],"about":[{"href":"https:\/\/supersallotja.com\/en\/wp-json\/wp\/v2\/types\/page"}],"author":[{"embeddable":true,"href":"https:\/\/supersallotja.com\/en\/wp-json\/wp\/v2\/users\/1"}],"replies":[{"embeddable":true,"href":"https:\/\/supersallotja.com\/en\/wp-json\/wp\/v2\/comments?post=444"}],"version-history":[{"count":2,"href":"https:\/\/supersallotja.com\/en\/wp-json\/wp\/v2\/pages\/444\/revisions"}],"predecessor-version":[{"id":447,"href":"https:\/\/supersallotja.com\/en\/wp-json\/wp\/v2\/pages\/444\/revisions\/447"}],"wp:attachment":[{"href":"https:\/\/supersallotja.com\/en\/wp-json\/wp\/v2\/media?parent=444"}],"curies":[{"name":"wp","href":"https:\/\/api.w.org\/{rel}","templated":true}]}}